{"id":11,"date":"2024-03-01T04:57:18","date_gmt":"2024-03-01T03:57:18","guid":{"rendered":"http:\/\/lydiadigitalizate.generann.com\/?page_id=11"},"modified":"2024-03-05T03:50:23","modified_gmt":"2024-03-05T02:50:23","slug":"tarjeta-de-presentacion","status":"publish","type":"page","link":"https:\/\/lydiadigitalizate.generann.com\/index.php\/tarjeta-de-presentacion\/","title":{"rendered":"Tarjeta de Presentaci\u00f3n"},"content":{"rendered":"<p>[et_pb_section fb_built=&#8221;1&#8243; next_background_color=&#8221;#ffffff&#8221; admin_label=&#8221;cabecera front&#8221; _builder_version=&#8221;4.16&#8243; _module_preset=&#8221;default&#8221; background_color=&#8221;rgba(147,37,232,0.4)&#8221; use_background_color_gradient=&#8221;on&#8221; background_color_gradient_type=&#8221;circular&#8221; background_color_gradient_stops=&#8221;rgba(137,13,232,0.81) 43%|#7b009e 100%&#8221; background_color_gradient_overlays_image=&#8221;on&#8221; background_color_gradient_start=&#8221;rgba(137,13,232,0.81)&#8221; background_color_gradient_start_position=&#8221;43%&#8221; background_color_gradient_end=&#8221;#7b009e&#8221; background_image=&#8221;https:\/\/lydiadigitalizate.generann.com\/wp-content\/uploads\/2024\/03\/pexels-oleg-magni-2764670-1-min-1.jpg&#8221; custom_margin=&#8221;||4px|||&#8221; custom_padding=&#8221;36px||29px|||&#8221; bottom_divider_style=&#8221;arrow2&#8243; bottom_divider_height=&#8221;49px&#8221; bottom_divider_repeat=&#8221;1x&#8221; bottom_divider_arrangement=&#8221;below_content&#8221; collapsed=&#8221;off&#8221; global_colors_info=&#8221;{}&#8221;][et_pb_row admin_label=&#8221;titulo | actividad&#8221; _builder_version=&#8221;4.16&#8243; _module_preset=&#8221;default&#8221; custom_margin=&#8221;|auto|-9px|auto||&#8221; custom_padding=&#8221;|||0px||&#8221; collapsed=&#8221;off&#8221; global_colors_info=&#8221;{}&#8221;][et_pb_column type=&#8221;4_4&#8243; _builder_version=&#8221;4.16&#8243; _module_preset=&#8221;default&#8221; global_colors_info=&#8221;{}&#8221;][et_pb_text admin_label=&#8221;titulo&#8221; _builder_version=&#8221;4.16&#8243; _module_preset=&#8221;default&#8221; header_font=&#8221;Montserrat|||on|||||&#8221; header_text_color=&#8221;#FFFFFF&#8221; header_font_size=&#8221;16px&#8221; header_line_height=&#8221;1.4em&#8221; header_2_font=&#8221;Montserrat||||||||&#8221; header_3_font=&#8221;Montserrat||||||||&#8221; header_4_font=&#8221;Montserrat||||||||&#8221; header_5_font=&#8221;Montserrat||||||||&#8221; header_6_font=&#8221;Montserrat||||||||&#8221; custom_margin=&#8221;-38px|-17px||-29px||&#8221; custom_padding=&#8221;|0px||29px||&#8221; global_colors_info=&#8221;{}&#8221;]<\/p>\n<h1 style=\"text-align: center;\">Consultora en tecnolog\u00eda digital a emprendedores de + 40 a\u00f1os<\/h1>\n<p>[\/et_pb_text][\/et_pb_column][\/et_pb_row][et_pb_row _builder_version=&#8221;4.16&#8243; _module_preset=&#8221;default&#8221; min_height=&#8221;231px&#8221; max_height=&#8221;1000px&#8221; custom_margin=&#8221;|auto||auto|false|false&#8221; custom_padding=&#8221;||0px||false|false&#8221; global_colors_info=&#8221;{}&#8221;][et_pb_column type=&#8221;4_4&#8243; _builder_version=&#8221;4.16&#8243; _module_preset=&#8221;default&#8221; global_colors_info=&#8221;{}&#8221;][et_pb_image title_text=&#8221;lydia digitalizate&#8221; align=&#8221;center&#8221; admin_label=&#8221;foto logo o perfil&#8221; _builder_version=&#8221;4.24.2&#8243; _module_preset=&#8221;default&#8221; width=&#8221;41%&#8221; custom_margin=&#8221;-47px||-40px|||&#8221; custom_padding=&#8221;4px||0px|||&#8221; hover_enabled=&#8221;0&#8243; border_radii=&#8221;on|1000px|1000px|1000px|1000px&#8221; box_shadow_style=&#8221;preset2&#8243; global_colors_info=&#8221;{}&#8221; src=&#8221;https:\/\/lydiadigitalizate.generann.com\/wp-content\/uploads\/2024\/03\/lydia-digitalizate.png&#8221; sticky_enabled=&#8221;0&#8243;][\/et_pb_image][et_pb_text admin_label=&#8221;Nombre&#8221; _builder_version=&#8221;4.16&#8243; _module_preset=&#8221;default&#8221; header_3_font=&#8221;Montserrat||||||||&#8221; header_3_text_color=&#8221;#FFFFFF&#8221; header_3_font_size=&#8221;17px&#8221; custom_margin=&#8221;57px||5px|||&#8221; global_colors_info=&#8221;{}&#8221;]<\/p>\n<h3 style=\"text-align: center;\">Lydia Nesbitt<\/h3>\n<p>[\/et_pb_text][et_pb_text admin_label=&#8221;propuesta de valor&#8221; _builder_version=&#8221;4.16&#8243; _module_preset=&#8221;default&#8221; header_font=&#8221;Montserrat|||on|||||&#8221; header_text_color=&#8221;#FFFFFF&#8221; header_font_size=&#8221;23px&#8221; header_line_height=&#8221;1.4em&#8221; header_2_font=&#8221;Montserrat||||||||&#8221; header_2_text_color=&#8221;#a0d868&#8243; header_2_font_size=&#8221;17px&#8221; header_2_line_height=&#8221;1.4em&#8221; header_3_font=&#8221;Montserrat|||||on|||&#8221; header_3_text_color=&#8221;#FFFFFF&#8221; header_4_font=&#8221;Montserrat||||||||&#8221; header_5_font=&#8221;Montserrat||||||||&#8221; header_6_font=&#8221;Montserrat||||||||&#8221; width=&#8221;93.9%&#8221; custom_margin=&#8221;|-63px|||false|false&#8221; custom_padding=&#8221;|||0px|false|false&#8221; global_colors_info=&#8221;{}&#8221;]<\/p>\n<h2 style=\"text-align: center;\">Aclaro tu dudas \u00f3 te ense\u00f1o desde cero en el uso de plataformas digitales de colaboraci\u00f3n y redes sociales.<\/h2>\n<p>[\/et_pb_text][\/et_pb_column][\/et_pb_row][\/et_pb_section][et_pb_section fb_built=&#8221;1&#8243; _builder_version=&#8221;4.16&#8243; _module_preset=&#8221;default&#8221; custom_margin=&#8221;12px|||||&#8221; custom_padding=&#8221;0px||0px|||&#8221; global_colors_info=&#8221;{}&#8221;][et_pb_row _builder_version=&#8221;4.16&#8243; _module_preset=&#8221;default&#8221; custom_margin=&#8221;5px|auto||auto||&#8221; custom_padding=&#8221;16px|||||&#8221; global_colors_info=&#8221;{}&#8221;][et_pb_column type=&#8221;4_4&#8243; _builder_version=&#8221;4.16&#8243; _module_preset=&#8221;default&#8221; global_colors_info=&#8221;{}&#8221;][et_pb_button button_url=&#8221;https:\/\/api.whatsapp.com\/send?phone=5219992643642&#038;text=Digitalizate:%20%20Me%20interesa%20Infomaci%C3%B3n&#8221; url_new_window=&#8221;on&#8221; button_text=&#8221;Escr\u00edbeme por WhatsApp&#8221; button_alignment=&#8221;center&#8221; _builder_version=&#8221;4.16&#8243; _module_preset=&#8221;default&#8221; custom_button=&#8221;on&#8221; button_text_size=&#8221;15px&#8221; button_text_color=&#8221;#FFFFFF&#8221; button_bg_color=&#8221;#7CDA24&#8243; button_border_width=&#8221;7px&#8221; button_border_radius=&#8221;38px&#8221; button_font=&#8221;Montserrat||||||||&#8221; transform_scale=&#8221;120%|120%&#8221; animation_style=&#8221;bounce&#8221; box_shadow_style=&#8221;preset1&#8243; global_colors_info=&#8221;{}&#8221;][\/et_pb_button][et_pb_button button_url=&#8221;https:\/\/t.me\/LydiaDigitalizate&#8221; button_text=&#8221;Escr\u00edbeme  por  Telegram    &#8221; button_alignment=&#8221;center&#8221; _builder_version=&#8221;4.16&#8243; _module_preset=&#8221;default&#8221; custom_button=&#8221;on&#8221; button_text_size=&#8221;15px&#8221; button_text_color=&#8221;#FFFFFF&#8221; button_bg_color=&#8221;#0C71C3&#8243; button_border_width=&#8221;7px&#8221; button_border_color=&#8221;#FFFFFF&#8221; button_border_radius=&#8221;38px&#8221; button_font=&#8221;Montserrat||||||||&#8221; button_icon=&#8221;&#x24;||divi||400&#8243; button_icon_color=&#8221;#FFFFFF&#8221; transform_scale=&#8221;120%|120%&#8221; animation_style=&#8221;bounce&#8221; box_shadow_style=&#8221;preset1&#8243; global_colors_info=&#8221;{}&#8221;][\/et_pb_button][et_pb_button button_url=&#8221;http:\/\/m.me\/LydiaNesbittDigitalizate&#8221; url_new_window=&#8221;on&#8221; button_text=&#8221;Escr\u00edbeme por Messenger&#8221; button_alignment=&#8221;center&#8221; _builder_version=&#8221;4.16&#8243; _module_preset=&#8221;default&#8221; custom_button=&#8221;on&#8221; button_text_size=&#8221;15px&#8221; button_text_color=&#8221;#0C71C3&#8243; button_bg_color=&#8221;#FFFFFF&#8221; button_border_width=&#8221;7px&#8221; button_border_color=&#8221;#0C71C3&#8243; button_border_radius=&#8221;38px&#8221; button_font=&#8221;Montserrat||||||||&#8221; button_icon=&#8221;&#x24;||divi||400&#8243; button_icon_color=&#8221;#FFFFFF&#8221; transform_scale=&#8221;120%|120%&#8221; animation_style=&#8221;bounce&#8221; box_shadow_style=&#8221;preset1&#8243; global_colors_info=&#8221;{}&#8221;][\/et_pb_button][\/et_pb_column][\/et_pb_row][\/et_pb_section][et_pb_section fb_built=&#8221;1&#8243; _builder_version=&#8221;4.16&#8243; _module_preset=&#8221;default&#8221; custom_padding=&#8221;21px|||||&#8221; global_colors_info=&#8221;{}&#8221;][et_pb_row admin_label=&#8221;comparte&#8221; _builder_version=&#8221;4.16&#8243; _module_preset=&#8221;default&#8221; custom_margin=&#8221;-13px|auto|-1px|auto||&#8221; global_colors_info=&#8221;{}&#8221;][et_pb_column type=&#8221;4_4&#8243; _builder_version=&#8221;4.16&#8243; _module_preset=&#8221;default&#8221; global_colors_info=&#8221;{}&#8221;][\/et_pb_column][\/et_pb_row][et_pb_row _builder_version=&#8221;4.16&#8243; _module_preset=&#8221;default&#8221; custom_margin=&#8221;-50px|auto|-28px|auto||&#8221; custom_padding=&#8221;||0px|||&#8221; global_colors_info=&#8221;{}&#8221;][et_pb_column type=&#8221;4_4&#8243; _builder_version=&#8221;4.16&#8243; _module_preset=&#8221;default&#8221; global_colors_info=&#8221;{}&#8221;][et_pb_image src=&#8221;https:\/\/lydiadigitalizate.generann.com\/wp-content\/uploads\/2024\/03\/codigo-qr-tarjeta-digital-1.png&#8221; title_text=&#8221;Comparte este codigo QR en movil&#8221; align=&#8221;center&#8221; _builder_version=&#8221;4.16&#8243; _module_preset=&#8221;default&#8221; width=&#8221;77%&#8221; module_alignment=&#8221;center&#8221; overflow-x=&#8221;visible&#8221; overflow-y=&#8221;auto&#8221; mix_blend_mode=&#8221;hard-light&#8221; global_colors_info=&#8221;{}&#8221;][\/et_pb_image][\/et_pb_column][\/et_pb_row][\/et_pb_section][et_pb_section fb_built=&#8221;1&#8243; _builder_version=&#8221;4.16&#8243; _module_preset=&#8221;default&#8221; custom_margin=&#8221;-26px|||||&#8221; custom_padding=&#8221;6px|||||&#8221; global_colors_info=&#8221;{}&#8221;][et_pb_row _builder_version=&#8221;4.16&#8243; _module_preset=&#8221;default&#8221; custom_padding=&#8221;6px|||||&#8221; global_colors_info=&#8221;{}&#8221;][et_pb_column type=&#8221;4_4&#8243; _builder_version=&#8221;4.16&#8243; _module_preset=&#8221;default&#8221; global_colors_info=&#8221;{}&#8221;][et_pb_divider show_divider=&#8221;off&#8221; _builder_version=&#8221;4.16&#8243; _module_preset=&#8221;default&#8221; global_colors_info=&#8221;{}&#8221;][\/et_pb_divider][\/et_pb_column][\/et_pb_row][\/et_pb_section][et_pb_section fb_built=&#8221;1&#8243; _builder_version=&#8221;4.16&#8243; _module_preset=&#8221;default&#8221; custom_margin=&#8221;-82px|||||&#8221; custom_padding=&#8221;14px||3px|||&#8221; global_colors_info=&#8221;{}&#8221;][et_pb_row _builder_version=&#8221;4.16&#8243; _module_preset=&#8221;default&#8221; custom_padding=&#8221;1px|||||&#8221; global_colors_info=&#8221;{}&#8221;][et_pb_column type=&#8221;4_4&#8243; _builder_version=&#8221;4.16&#8243; _module_preset=&#8221;default&#8221; global_colors_info=&#8221;{}&#8221;][et_pb_video src=&#8221;https:\/\/www.youtube.com\/watch?v=EVFUBXvFm08&#8243; _builder_version=&#8221;4.16&#8243; _module_preset=&#8221;default&#8221; global_colors_info=&#8221;{}&#8221;][\/et_pb_video][\/et_pb_column][\/et_pb_row][\/et_pb_section][et_pb_section fb_built=&#8221;1&#8243; _builder_version=&#8221;4.16&#8243; _module_preset=&#8221;default&#8221; custom_padding=&#8221;12px||0px|||&#8221; global_colors_info=&#8221;{}&#8221;][et_pb_row _builder_version=&#8221;4.16&#8243; _module_preset=&#8221;default&#8221; custom_padding=&#8221;||14px|||&#8221; global_colors_info=&#8221;{}&#8221;][et_pb_column type=&#8221;4_4&#8243; _builder_version=&#8221;4.16&#8243; _module_preset=&#8221;default&#8221; global_colors_info=&#8221;{}&#8221;][et_pb_divider show_divider=&#8221;off&#8221; _builder_version=&#8221;4.16&#8243; _module_preset=&#8221;default&#8221; custom_margin=&#8221;-31px|||||&#8221; global_colors_info=&#8221;{}&#8221;][\/et_pb_divider][\/et_pb_column][\/et_pb_row][\/et_pb_section][et_pb_section fb_built=&#8221;1&#8243; admin_label=&#8221;sigueme en&#8221; _builder_version=&#8221;4.16&#8243; _module_preset=&#8221;default&#8221; background_color=&#8221;RGBA(0,0,0,0)&#8221; custom_padding=&#8221;2px|||||&#8221; bottom_divider_style=&#8221;arrow2&#8243; bottom_divider_color=&#8221;#8300E9&#8243; bottom_divider_height=&#8221;34px&#8221; bottom_divider_repeat=&#8221;1x&#8221; bottom_divider_flip=&#8221;vertical|horizontal&#8221; bottom_divider_arrangement=&#8221;above_content&#8221; global_colors_info=&#8221;{}&#8221;][et_pb_row _builder_version=&#8221;4.16&#8243; _module_preset=&#8221;default&#8221; custom_margin=&#8221;-28px|auto||auto||&#8221; custom_padding=&#8221;0px|||||&#8221; global_colors_info=&#8221;{}&#8221;][et_pb_column type=&#8221;4_4&#8243; _builder_version=&#8221;4.16&#8243; _module_preset=&#8221;default&#8221; global_colors_info=&#8221;{}&#8221;][et_pb_text _builder_version=&#8221;4.16&#8243; _module_preset=&#8221;default&#8221; text_font=&#8221;Montserrat||||||||&#8221; text_text_color=&#8221;#0C71C3&#8243; text_font_size=&#8221;30px&#8221; text_line_height=&#8221;1.8em&#8221; header_4_font=&#8221;Montserrat||||||||&#8221; header_4_text_align=&#8221;center&#8221; header_4_text_color=&#8221;#8300E9&#8243; header_4_font_size=&#8221;24px&#8221; custom_margin=&#8221;-4px|||||&#8221; global_colors_info=&#8221;{}&#8221;]<\/p>\n<h4>Sigueme en :<\/h4>\n<p>[\/et_pb_text][\/et_pb_column][\/et_pb_row][et_pb_row _builder_version=&#8221;4.16&#8243; _module_preset=&#8221;default&#8221; custom_margin=&#8221;-16px|auto||auto||&#8221; global_colors_info=&#8221;{}&#8221;][et_pb_column type=&#8221;4_4&#8243; _builder_version=&#8221;4.16&#8243; _module_preset=&#8221;default&#8221; global_colors_info=&#8221;{}&#8221;][et_pb_social_media_follow _builder_version=&#8221;4.16&#8243; _module_preset=&#8221;default&#8221; transform_scale=&#8221;144%|144%&#8221; text_orientation=&#8221;center&#8221; width=&#8221;100%&#8221; max_width=&#8221;100%&#8221; global_colors_info=&#8221;{}&#8221;][et_pb_social_media_follow_network social_network=&#8221;facebook&#8221; url=&#8221;https:\/\/web.facebook.com\/LydiaNesbittDigitalizate\/&#8221; _builder_version=&#8221;4.16&#8243; _module_preset=&#8221;default&#8221; background_color=&#8221;#3b5998&#8243; global_colors_info=&#8221;{}&#8221; follow_button=&#8221;off&#8221; url_new_window=&#8221;on&#8221;]facebook[\/et_pb_social_media_follow_network][et_pb_social_media_follow_network social_network=&#8221;instagram&#8221; url=&#8221;https:\/\/www.instagram.com\/lydianesbittdigitalizate\/?hl=es&#8221; _builder_version=&#8221;4.16&#8243; _module_preset=&#8221;default&#8221; background_color=&#8221;#ea2c59&#8243; global_colors_info=&#8221;{}&#8221; follow_button=&#8221;off&#8221; url_new_window=&#8221;on&#8221;]instagram[\/et_pb_social_media_follow_network][et_pb_social_media_follow_network social_network=&#8221;linkedin&#8221; url=&#8221;https:\/\/www.linkedin.com\/in\/lydia-nesbitt-8b101b94\/&#8221; _builder_version=&#8221;4.16&#8243; _module_preset=&#8221;default&#8221; background_color=&#8221;#007bb6&#8243; global_colors_info=&#8221;{}&#8221; follow_button=&#8221;off&#8221; url_new_window=&#8221;on&#8221;]linkedin[\/et_pb_social_media_follow_network][et_pb_social_media_follow_network social_network=&#8221;youtube&#8221; url=&#8221;https:\/\/www.youtube.com\/channel\/UCCV-mxIcgO6q4-3CdNtxD8Q&#8221; _builder_version=&#8221;4.16&#8243; _module_preset=&#8221;default&#8221; background_color=&#8221;#a82400&#8243; global_colors_info=&#8221;{}&#8221; follow_button=&#8221;off&#8221; url_new_window=&#8221;on&#8221;]youtube[\/et_pb_social_media_follow_network][et_pb_social_media_follow_network social_network=&#8221;pinterest&#8221; url=&#8221;https:\/\/www.pinterest.com.mx\/LydiaNesbittDigitalizate&#8221; _builder_version=&#8221;4.16&#8243; _module_preset=&#8221;default&#8221; background_color=&#8221;#cb2027&#8243; global_colors_info=&#8221;{}&#8221; follow_button=&#8221;off&#8221; url_new_window=&#8221;on&#8221;]pinterest[\/et_pb_social_media_follow_network][\/et_pb_social_media_follow][et_pb_button button_url=&#8221;https:\/\/digitalizate.miramisitio.com\/&#8221; button_text=&#8221;Vista mi sitio web Digitalizate&#8221; button_alignment=&#8221;center&#8221; _builder_version=&#8221;4.16&#8243; _module_preset=&#8221;default&#8221; custom_button=&#8221;on&#8221; button_text_size=&#8221;13px&#8221; button_text_color=&#8221;#8300E9&#8243; button_bg_color=&#8221;RGBA(0,0,0,0)&#8221; button_border_width=&#8221;7px&#8221; button_border_color=&#8221;#FFFFFF&#8221; button_border_radius=&#8221;38px&#8221; button_font=&#8221;Montserrat||||||||&#8221; button_use_icon=&#8221;off&#8221; transform_scale=&#8221;120%|120%&#8221; animation_style=&#8221;bounce&#8221; box_shadow_style=&#8221;preset1&#8243; global_colors_info=&#8221;{}&#8221;][\/et_pb_button][\/et_pb_column][\/et_pb_row][\/et_pb_section][et_pb_section fb_built=&#8221;1&#8243; _builder_version=&#8221;4.16&#8243; _module_preset=&#8221;default&#8221; custom_padding=&#8221;21px||0px|||&#8221; global_colors_info=&#8221;{}&#8221;][et_pb_row _builder_version=&#8221;4.16&#8243; _module_preset=&#8221;default&#8221; custom_padding=&#8221;||0px|||&#8221; global_colors_info=&#8221;{}&#8221;][et_pb_column type=&#8221;4_4&#8243; _builder_version=&#8221;4.16&#8243; _module_preset=&#8221;default&#8221; global_colors_info=&#8221;{}&#8221;][et_pb_divider show_divider=&#8221;off&#8221; _builder_version=&#8221;4.16&#8243; _module_preset=&#8221;default&#8221; global_colors_info=&#8221;{}&#8221;][\/et_pb_divider][\/et_pb_column][\/et_pb_row][\/et_pb_section][et_pb_section fb_built=&#8221;1&#8243; admin_label=&#8221;anuncio tarjeta digital&#8221; _builder_version=&#8221;4.16&#8243; _module_preset=&#8221;default&#8221; custom_margin=&#8221;2px|||||&#8221; custom_padding=&#8221;12px||0px|||&#8221; global_colors_info=&#8221;{}&#8221;][et_pb_row _builder_version=&#8221;4.16&#8243; _module_preset=&#8221;default&#8221; custom_margin=&#8221;12px|auto||auto||&#8221; custom_padding=&#8221;4px|||||&#8221; global_colors_info=&#8221;{}&#8221;][et_pb_column type=&#8221;4_4&#8243; _builder_version=&#8221;4.16&#8243; _module_preset=&#8221;default&#8221; global_colors_info=&#8221;{}&#8221;][et_pb_cta title=&#8221;Contrata tu Tarjeta Digital aqu\u00ed&#8221; button_url=&#8221;https:\/\/wa.link\/g4jok1&#8243; url_new_window=&#8221;on&#8221; button_text=&#8221;Contactame&#8221; admin_label=&#8221;Contrata tu tarjeta digitala&#8221; _builder_version=&#8221;4.16&#8243; _module_preset=&#8221;default&#8221; header_level=&#8221;h3&#8243; header_font=&#8221;Montserrat||||||||&#8221; header_text_color=&#8221;#000000&#8243; header_font_size=&#8221;17px&#8221; body_font=&#8221;Montserrat||||||||&#8221; body_text_color=&#8221;#848484&#8243; body_font_size=&#8221;9px&#8221; body_line_height=&#8221;1.5em&#8221; use_background_color=&#8221;off&#8221; custom_button=&#8221;on&#8221; button_text_size=&#8221;12px&#8221; button_text_color=&#8221;#cccccc&#8221; button_bg_color=&#8221;#1c1c1c&#8221; button_border_width=&#8221;4px&#8221; button_border_color=&#8221;#000000&#8243; button_border_radius=&#8221;100px&#8221; button_font=&#8221;Montserrat||||||||&#8221; button_icon=&#8221;&#x24;||divi||400&#8243; custom_margin=&#8221;||||false|false&#8221; custom_padding=&#8221;||14px||false|false&#8221; link_option_url=&#8221;https:\/\/wa.link\/g4jok1&#8243; link_option_url_new_window=&#8221;on&#8221; global_colors_info=&#8221;{}&#8221;]<\/p>\n<p><strong><em>Por solo $25 dls al a\u00f1o<\/em><\/strong><\/p>\n<p>Incluye : Subdominio | Hosting | Dise\u00f1o (plantilla predise\u00f1ada) | mantenimiento de funcionamiento | Link\u00a0 de compartir | Link a tus redes sociales | Consideraciones SEO<\/p>\n<p>[\/et_pb_cta][\/et_pb_column][\/et_pb_row][\/et_pb_section]<\/p>\n","protected":false},"excerpt":{"rendered":"<p>Consultora en tecnolog\u00eda digital a emprendedores de + 40 a\u00f1osLydia NesbittAclaro tu dudas \u00f3 te ense\u00f1o desde cero en el uso de plataformas digitales de colaboraci\u00f3n y redes sociales.Sigueme en :Por solo $25 dls al a\u00f1o Incluye : Subdominio | Hosting | Dise\u00f1o (plantilla predise\u00f1ada) | mantenimiento de funcionamiento | Link\u00a0 de compartir | Link [&hellip;]<\/p>\n","protected":false},"author":1,"featured_media":0,"parent":0,"menu_order":0,"comment_status":"closed","ping_status":"closed","template":"","meta":{"_et_pb_use_builder":"on","_et_pb_old_content":"","_et_gb_content_width":"","footnotes":""},"_links":{"self":[{"href":"https:\/\/lydiadigitalizate.generann.com\/index.php\/wp-json\/wp\/v2\/pages\/11"}],"collection":[{"href":"https:\/\/lydiadigitalizate.generann.com\/index.php\/wp-json\/wp\/v2\/pages"}],"about":[{"href":"https:\/\/lydiadigitalizate.generann.com\/index.php\/wp-json\/wp\/v2\/types\/page"}],"author":[{"embeddable":true,"href":"https:\/\/lydiadigitalizate.generann.com\/index.php\/wp-json\/wp\/v2\/users\/1"}],"replies":[{"embeddable":true,"href":"https:\/\/lydiadigitalizate.generann.com\/index.php\/wp-json\/wp\/v2\/comments?post=11"}],"version-history":[{"count":3,"href":"https:\/\/lydiadigitalizate.generann.com\/index.php\/wp-json\/wp\/v2\/pages\/11\/revisions"}],"predecessor-version":[{"id":20,"href":"https:\/\/lydiadigitalizate.generann.com\/index.php\/wp-json\/wp\/v2\/pages\/11\/revisions\/20"}],"wp:attachment":[{"href":"https:\/\/lydiadigitalizate.generann.com\/index.php\/wp-json\/wp\/v2\/media?parent=11"}],"curies":[{"name":"wp","href":"https:\/\/api.w.org\/{rel}","templated":true}]}}